{"id":103,"date":"2022-06-08T16:36:50","date_gmt":"2022-06-08T16:36:50","guid":{"rendered":"https:\/\/letslearn.beer\/?page_id=103"},"modified":"2022-09-22T11:19:29","modified_gmt":"2022-09-22T11:19:29","slug":"courses","status":"publish","type":"page","link":"https:\/\/letslearn.beer\/es\/courses\/","title":{"rendered":"Cursos"},"content":{"rendered":"<div data-elementor-type=\"wp-page\" data-elementor-id=\"103\" class=\"elementor elementor-103\">\n\t\t\t\t\t\t<section class=\"elementor-section elementor-top-section elementor-element elementor-element-50c4fdc elementor-section-height-min-height elementor-section-boxed elementor-section-height-default elementor-section-items-middle\" data-id=\"50c4fdc\" data-element_type=\"section\" data-e-type=\"section\" data-settings=\"{&quot;background_background&quot;:&quot;classic&quot;}\">\n\t\t\t\t\t\t\t<div class=\"elementor-background-overlay\"><\/div>\n\t\t\t\t\t\t\t<div class=\"elementor-container elementor-column-gap-default\">\n\t\t\t\t\t<div class=\"elementor-column elementor-col-100 elementor-top-column elementor-element elementor-element-4b79927\" data-id=\"4b79927\" data-element_type=\"column\" data-e-type=\"column\">\n\t\t\t<div class=\"elementor-widget-wrap elementor-element-populated\">\n\t\t\t\t\t\t<div class=\"elementor-element elementor-element-573e0d4 elementor-hidden-mobile elementor-widget elementor-widget-spacer\" data-id=\"573e0d4\" data-element_type=\"widget\" data-e-type=\"widget\" data-widget_type=\"spacer.default\">\n\t\t\t\t<div class=\"elementor-widget-container\">\n\t\t\t\t\t\t\t<div class=\"elementor-spacer\">\n\t\t\t<div class=\"elementor-spacer-inner\"><\/div>\n\t\t<\/div>\n\t\t\t\t\t\t<\/div>\n\t\t\t\t<\/div>\n\t\t\t\t<div class=\"elementor-element elementor-element-ae08dff elementor-widget elementor-widget-heading\" data-id=\"ae08dff\" data-element_type=\"widget\" data-e-type=\"widget\" data-widget_type=\"heading.default\">\n\t\t\t\t<div class=\"elementor-widget-container\">\n\t\t\t\t\t<h2 class=\"elementor-heading-title elementor-size-default\">Beers to You!<\/h2>\t\t\t\t<\/div>\n\t\t\t\t<\/div>\n\t\t\t\t<div class=\"elementor-element elementor-element-3b178ff elementor-widget elementor-widget-heading\" data-id=\"3b178ff\" data-element_type=\"widget\" data-e-type=\"widget\" data-widget_type=\"heading.default\">\n\t\t\t\t<div class=\"elementor-widget-container\">\n\t\t\t\t\t<h4 class=\"elementor-heading-title elementor-size-default\"><i>Online Courses on the History of Beer<\/i><\/h4>\t\t\t\t<\/div>\n\t\t\t\t<\/div>\n\t\t\t\t<div class=\"elementor-element elementor-element-7a51d40 elementor-hidden-desktop elementor-widget-divider--view-line elementor-widget elementor-widget-divider\" data-id=\"7a51d40\" data-element_type=\"widget\" data-e-type=\"widget\" data-widget_type=\"divider.default\">\n\t\t\t\t<div class=\"elementor-widget-container\">\n\t\t\t\t\t\t\t<div class=\"elementor-divider\">\n\t\t\t<span class=\"elementor-divider-separator\">\n\t\t\t\t\t\t<\/span>\n\t\t<\/div>\n\t\t\t\t\t\t<\/div>\n\t\t\t\t<\/div>\n\t\t\t\t\t<\/div>\n\t\t<\/div>\n\t\t\t\t\t<\/div>\n\t\t<\/section>\n\t\t\t\t<section class=\"elementor-section elementor-top-section elementor-element elementor-element-3a14d2d elementor-section-boxed elementor-section-height-default elementor-section-height-default\" data-id=\"3a14d2d\" data-element_type=\"section\" data-e-type=\"section\">\n\t\t\t\t\t\t<div class=\"elementor-container elementor-column-gap-default\">\n\t\t\t\t\t<div class=\"elementor-column elementor-col-100 elementor-top-column elementor-element elementor-element-b8cf5e3\" data-id=\"b8cf5e3\" data-element_type=\"column\" data-e-type=\"column\">\n\t\t\t<div class=\"elementor-widget-wrap elementor-element-populated\">\n\t\t\t\t\t\t<div class=\"elementor-element elementor-element-0e4f860 elementor-widget elementor-widget-text-editor\" data-id=\"0e4f860\" data-element_type=\"widget\" data-e-type=\"widget\" data-widget_type=\"text-editor.default\">\n\t\t\t\t<div class=\"elementor-widget-container\">\n\t\t\t\t\t\t\t\t\t<p><strong>Note: We are still getting this company up and running and are not quite ready to offer courses yet. Nevertheless, we hope to offer them very soon! You can read their description below.<br \/><\/strong><\/p>\t\t\t\t\t\t\t\t<\/div>\n\t\t\t\t<\/div>\n\t\t\t\t\t<\/div>\n\t\t<\/div>\n\t\t\t\t\t<\/div>\n\t\t<\/section>\n\t\t\t\t<section class=\"elementor-section elementor-top-section elementor-element elementor-element-2d1a803 elementor-hidden-mobile elementor-section-boxed elementor-section-height-default elementor-section-height-default\" data-id=\"2d1a803\" data-element_type=\"section\" data-e-type=\"section\">\n\t\t\t\t\t\t<div class=\"elementor-container elementor-column-gap-default\">\n\t\t\t\t\t<div class=\"elementor-column elementor-col-100 elementor-top-column elementor-element elementor-element-29b5c28\" data-id=\"29b5c28\" data-element_type=\"column\" data-e-type=\"column\">\n\t\t\t<div class=\"elementor-widget-wrap elementor-element-populated\">\n\t\t\t\t\t\t<div class=\"elementor-element elementor-element-ed9bcde elementor-widget elementor-widget-spacer\" data-id=\"ed9bcde\" data-element_type=\"widget\" data-e-type=\"widget\" data-widget_type=\"spacer.default\">\n\t\t\t\t<div class=\"elementor-widget-container\">\n\t\t\t\t\t\t\t<div class=\"elementor-spacer\">\n\t\t\t<div class=\"elementor-spacer-inner\"><\/div>\n\t\t<\/div>\n\t\t\t\t\t\t<\/div>\n\t\t\t\t<\/div>\n\t\t\t\t<div class=\"elementor-element elementor-element-f070684 elementor-widget elementor-widget-heading\" data-id=\"f070684\" data-element_type=\"widget\" data-e-type=\"widget\" data-widget_type=\"heading.default\">\n\t\t\t\t<div class=\"elementor-widget-container\">\n\t\t\t\t\t<h2 class=\"elementor-heading-title elementor-size-default\">Beers to You! - Online Course in English<\/h2>\t\t\t\t<\/div>\n\t\t\t\t<\/div>\n\t\t\t\t\t<\/div>\n\t\t<\/div>\n\t\t\t\t\t<\/div>\n\t\t<\/section>\n\t\t\t\t<section class=\"elementor-section elementor-top-section elementor-element elementor-element-2fb02e4 elementor-hidden-mobile elementor-hidden-tablet elementor-section-boxed elementor-section-height-default elementor-section-height-default\" data-id=\"2fb02e4\" data-element_type=\"section\" data-e-type=\"section\">\n\t\t\t\t\t\t<div class=\"elementor-container elementor-column-gap-default\">\n\t\t\t\t\t<div class=\"elementor-column elementor-col-50 elementor-top-column elementor-element elementor-element-59b7444\" data-id=\"59b7444\" data-element_type=\"column\" data-e-type=\"column\">\n\t\t\t<div class=\"elementor-widget-wrap elementor-element-populated\">\n\t\t\t\t\t\t<div class=\"elementor-element elementor-element-9599bcd elementor-invisible elementor-widget elementor-widget-image\" data-id=\"9599bcd\" data-element_type=\"widget\" data-e-type=\"widget\" data-settings=\"{&quot;_animation&quot;:&quot;fadeInDown&quot;}\" data-widget_type=\"image.default\">\n\t\t\t\t<div class=\"elementor-widget-container\">\n\t\t\t\t\t\t\t\t\t\t\t\t\t\t\t<img decoding=\"async\" src=\"https:\/\/letslearn.beer\/wp-content\/uploads\/2022\/09\/beers-to-you-transparent.png\" title=\"beers-to-you-transparent\" alt=\"beers-to-you-transparent\" class=\"elementor-animation-shrink\" loading=\"lazy\" \/>\t\t\t\t\t\t\t\t\t\t\t\t\t\t\t<\/div>\n\t\t\t\t<\/div>\n\t\t\t\t\t<\/div>\n\t\t<\/div>\n\t\t\t\t<div class=\"elementor-column elementor-col-50 elementor-top-column elementor-element elementor-element-4245446\" data-id=\"4245446\" data-element_type=\"column\" data-e-type=\"column\">\n\t\t\t<div class=\"elementor-widget-wrap elementor-element-populated\">\n\t\t\t\t\t\t<div class=\"elementor-element elementor-element-d545c87 elementor-widget elementor-widget-spacer\" data-id=\"d545c87\" data-element_type=\"widget\" data-e-type=\"widget\" data-widget_type=\"spacer.default\">\n\t\t\t\t<div class=\"elementor-widget-container\">\n\t\t\t\t\t\t\t<div class=\"elementor-spacer\">\n\t\t\t<div class=\"elementor-spacer-inner\"><\/div>\n\t\t<\/div>\n\t\t\t\t\t\t<\/div>\n\t\t\t\t<\/div>\n\t\t\t\t<div class=\"elementor-element elementor-element-85cf955 elementor-widget elementor-widget-text-editor\" data-id=\"85cf955\" data-element_type=\"widget\" data-e-type=\"widget\" data-widget_type=\"text-editor.default\">\n\t\t\t\t<div class=\"elementor-widget-container\">\n\t\t\t\t\t\t\t\t\t<p>Six 100-minute sessions explain the roots and development of the beer industry in the United States, from its beginnings in the Thirteen Colonies, through the industrialization of the industry&nbsp; nineteenth century and the introduction of the German-style lager, to the era of prohibition, the era of big-beer and big distributors in the Postwar period, until we finish with the present flowering of the craft-beer movement.<br><br>Included in the course is an order for two beers per session, which we deliver to all the Lower 48. For each class students may enjoy the beers, similar in style to that of the historical period in question.<br><br>For students from other countries or US states, while we regret that we cannot deliver beer to you, we nevertheless have suggestions for beers if you care to contact us.<br><\/p>\t\t\t\t\t\t\t\t<\/div>\n\t\t\t\t<\/div>\n\t\t\t\t\t<\/div>\n\t\t<\/div>\n\t\t\t\t\t<\/div>\n\t\t<\/section>\n\t\t\t\t<section class=\"elementor-section elementor-top-section elementor-element elementor-element-a69b685 elementor-section-boxed elementor-section-height-default elementor-section-height-default\" data-id=\"a69b685\" data-element_type=\"section\" data-e-type=\"section\">\n\t\t\t\t\t\t<div class=\"elementor-container elementor-column-gap-default\">\n\t\t\t\t\t<div class=\"elementor-column elementor-col-100 elementor-top-column elementor-element elementor-element-1f08d27\" data-id=\"1f08d27\" data-element_type=\"column\" data-e-type=\"column\">\n\t\t\t<div class=\"elementor-widget-wrap elementor-element-populated\">\n\t\t\t\t\t\t<div class=\"elementor-element elementor-element-6976511 elementor-widget elementor-widget-spacer\" data-id=\"6976511\" data-element_type=\"widget\" data-e-type=\"widget\" data-widget_type=\"spacer.default\">\n\t\t\t\t<div class=\"elementor-widget-container\">\n\t\t\t\t\t\t\t<div class=\"elementor-spacer\">\n\t\t\t<div class=\"elementor-spacer-inner\"><\/div>\n\t\t<\/div>\n\t\t\t\t\t\t<\/div>\n\t\t\t\t<\/div>\n\t\t\t\t<div class=\"elementor-element elementor-element-19ddd48 elementor-widget elementor-widget-heading\" data-id=\"19ddd48\" data-element_type=\"widget\" data-e-type=\"widget\" data-widget_type=\"heading.default\">\n\t\t\t\t<div class=\"elementor-widget-container\">\n\t\t\t\t\t<h2 class=\"elementor-heading-title elementor-size-default\">Beers to You! - Online Course in Spanish<\/h2>\t\t\t\t<\/div>\n\t\t\t\t<\/div>\n\t\t\t\t\t<\/div>\n\t\t<\/div>\n\t\t\t\t\t<\/div>\n\t\t<\/section>\n\t\t\t\t<section class=\"elementor-section elementor-top-section elementor-element elementor-element-942de63 elementor-hidden-tablet elementor-hidden-mobile elementor-section-boxed elementor-section-height-default elementor-section-height-default\" data-id=\"942de63\" data-element_type=\"section\" data-e-type=\"section\">\n\t\t\t\t\t\t<div class=\"elementor-container elementor-column-gap-default\">\n\t\t\t\t\t<div class=\"elementor-column elementor-col-50 elementor-top-column elementor-element elementor-element-f2486af\" data-id=\"f2486af\" data-element_type=\"column\" data-e-type=\"column\">\n\t\t\t<div class=\"elementor-widget-wrap elementor-element-populated\">\n\t\t\t\t\t\t<div class=\"elementor-element elementor-element-123fe4f elementor-widget elementor-widget-image\" data-id=\"123fe4f\" data-element_type=\"widget\" data-e-type=\"widget\" data-widget_type=\"image.default\">\n\t\t\t\t<div class=\"elementor-widget-container\">\n\t\t\t\t\t\t\t\t\t\t\t\t\t\t\t<img fetchpriority=\"high\" decoding=\"async\" width=\"683\" height=\"1024\" src=\"https:\/\/letslearn.beer\/wp-content\/uploads\/2022\/06\/phone-import-nov-21-262-copy-1-683x1024.jpg\" class=\"elementor-animation-shrink attachment-large size-large wp-image-198\" alt=\"\" srcset=\"https:\/\/letslearn.beer\/wp-content\/uploads\/2022\/06\/phone-import-nov-21-262-copy-1-683x1024.jpg 683w, https:\/\/letslearn.beer\/wp-content\/uploads\/2022\/06\/phone-import-nov-21-262-copy-1-200x300.jpg 200w, https:\/\/letslearn.beer\/wp-content\/uploads\/2022\/06\/phone-import-nov-21-262-copy-1-768x1151.jpg 768w, https:\/\/letslearn.beer\/wp-content\/uploads\/2022\/06\/phone-import-nov-21-262-copy-1-1025x1536.jpg 1025w, https:\/\/letslearn.beer\/wp-content\/uploads\/2022\/06\/phone-import-nov-21-262-copy-1-8x12.jpg 8w, https:\/\/letslearn.beer\/wp-content\/uploads\/2022\/06\/phone-import-nov-21-262-copy-1-600x899.jpg 600w, https:\/\/letslearn.beer\/wp-content\/uploads\/2022\/06\/phone-import-nov-21-262-copy-1-rotated.jpg 1288w\" sizes=\"(max-width: 683px) 100vw, 683px\" \/>\t\t\t\t\t\t\t\t\t\t\t\t\t\t\t<\/div>\n\t\t\t\t<\/div>\n\t\t\t\t\t<\/div>\n\t\t<\/div>\n\t\t\t\t<div class=\"elementor-column elementor-col-50 elementor-top-column elementor-element elementor-element-f3b7bf2\" data-id=\"f3b7bf2\" data-element_type=\"column\" data-e-type=\"column\">\n\t\t\t<div class=\"elementor-widget-wrap elementor-element-populated\">\n\t\t\t\t\t\t<div class=\"elementor-element elementor-element-49ada3b elementor-widget elementor-widget-spacer\" data-id=\"49ada3b\" data-element_type=\"widget\" data-e-type=\"widget\" data-widget_type=\"spacer.default\">\n\t\t\t\t<div class=\"elementor-widget-container\">\n\t\t\t\t\t\t\t<div class=\"elementor-spacer\">\n\t\t\t<div class=\"elementor-spacer-inner\"><\/div>\n\t\t<\/div>\n\t\t\t\t\t\t<\/div>\n\t\t\t\t<\/div>\n\t\t\t\t<div class=\"elementor-element elementor-element-19155cd elementor-widget elementor-widget-text-editor\" data-id=\"19155cd\" data-element_type=\"widget\" data-e-type=\"widget\" data-widget_type=\"text-editor.default\">\n\t\t\t\t<div class=\"elementor-widget-container\">\n\t\t\t\t\t\t\t\t\t<p>Cuatro sesiones de dos horas explican las ra\u00edces y el crecimiento de la industria de cerveza artesana en EEUU, y cuatro sesiones de una hora dan una historia de la cerveza en Espa\u00f1a, desde sus incepciones cuando se trataba de una bebida lujosa y en cierto modo extranjera, hasta la actualidad. No podemos ofrecer bebidas, pero los asistentes pueden traer sus propias.  Las descripciones de las sesiones tienen sugerencias de estilos para acompa\u00f1ar la informaci\u00f3n y cualquier tienda de cervezas te puede aconsejar.  La tienda m\u00e1s cercana a nosotros es\u00a0<a href=\"https:\/\/www.labirratorium.com\/\"><em>Labirratorium<\/em><\/a>\u00a0(<a href=\"https:\/\/letslearn.beer\/es\/courses\/?elementor-preview=103&amp;ver=1655203891#location-spanish\">locaci\u00f3n abajo<\/a>).<\/p>\t\t\t\t\t\t\t\t<\/div>\n\t\t\t\t<\/div>\n\t\t\t\t\t<\/div>\n\t\t<\/div>\n\t\t\t\t\t<\/div>\n\t\t<\/section>\n\t\t\t\t<section class=\"elementor-section elementor-top-section elementor-element elementor-element-842fae2 elementor-section-boxed elementor-section-height-default elementor-section-height-default\" data-id=\"842fae2\" data-element_type=\"section\" data-e-type=\"section\">\n\t\t\t\t\t\t<div class=\"elementor-container elementor-column-gap-default\">\n\t\t\t\t\t<div class=\"elementor-column elementor-col-100 elementor-top-column elementor-element elementor-element-4704d83\" data-id=\"4704d83\" data-element_type=\"column\" data-e-type=\"column\">\n\t\t\t<div class=\"elementor-widget-wrap elementor-element-populated\">\n\t\t\t\t\t\t<div class=\"elementor-element elementor-element-85a7721 elementor-hidden-tablet elementor-hidden-mobile elementor-widget elementor-widget-spacer\" data-id=\"85a7721\" data-element_type=\"widget\" data-e-type=\"widget\" data-widget_type=\"spacer.default\">\n\t\t\t\t<div class=\"elementor-widget-container\">\n\t\t\t\t\t\t\t<div class=\"elementor-spacer\">\n\t\t\t<div class=\"elementor-spacer-inner\"><\/div>\n\t\t<\/div>\n\t\t\t\t\t\t<\/div>\n\t\t\t\t<\/div>\n\t\t\t\t\t<\/div>\n\t\t<\/div>\n\t\t\t\t\t<\/div>\n\t\t<\/section>\n\t\t\t\t<section class=\"elementor-section elementor-top-section elementor-element elementor-element-0e4f24b elementor-hidden-desktop elementor-section-boxed elementor-section-height-default elementor-section-height-default\" data-id=\"0e4f24b\" data-element_type=\"section\" data-e-type=\"section\">\n\t\t\t\t\t\t<div class=\"elementor-container elementor-column-gap-default\">\n\t\t\t\t\t<div class=\"elementor-column elementor-col-100 elementor-top-column elementor-element elementor-element-1ba93d8\" data-id=\"1ba93d8\" data-element_type=\"column\" data-e-type=\"column\">\n\t\t\t<div class=\"elementor-widget-wrap elementor-element-populated\">\n\t\t\t\t\t\t<div class=\"elementor-element elementor-element-b8360d1 elementor-widget elementor-widget-heading\" data-id=\"b8360d1\" data-element_type=\"widget\" data-e-type=\"widget\" data-widget_type=\"heading.default\">\n\t\t\t\t<div class=\"elementor-widget-container\">\n\t\t\t\t\t<h4 class=\"elementor-heading-title elementor-size-default\">Online Course in English<\/h4>\t\t\t\t<\/div>\n\t\t\t\t<\/div>\n\t\t\t\t<div class=\"elementor-element elementor-element-449d589 elementor-widget elementor-widget-image\" data-id=\"449d589\" data-element_type=\"widget\" data-e-type=\"widget\" data-settings=\"{&quot;_animation_mobile&quot;:&quot;fadeInDown&quot;}\" data-widget_type=\"image.default\">\n\t\t\t\t<div class=\"elementor-widget-container\">\n\t\t\t\t\t\t\t\t\t\t\t\t\t\t\t<img decoding=\"async\" width=\"241\" height=\"300\" src=\"https:\/\/letslearn.beer\/wp-content\/uploads\/2022\/09\/beers-to-you-transparent-241x300.png\" class=\"attachment-medium size-medium wp-image-628\" alt=\"\" srcset=\"https:\/\/letslearn.beer\/wp-content\/uploads\/2022\/09\/beers-to-you-transparent-241x300.png 241w, https:\/\/letslearn.beer\/wp-content\/uploads\/2022\/09\/beers-to-you-transparent-10x12.png 10w, https:\/\/letslearn.beer\/wp-content\/uploads\/2022\/09\/beers-to-you-transparent.png 535w\" sizes=\"(max-width: 241px) 100vw, 241px\" \/>\t\t\t\t\t\t\t\t\t\t\t\t\t\t\t<\/div>\n\t\t\t\t<\/div>\n\t\t\t\t<div class=\"elementor-element elementor-element-8569be4 elementor-widget elementor-widget-text-editor\" data-id=\"8569be4\" data-element_type=\"widget\" data-e-type=\"widget\" data-widget_type=\"text-editor.default\">\n\t\t\t\t<div class=\"elementor-widget-container\">\n\t\t\t\t\t\t\t\t\t<p>Six 100-minute sessions explain the roots and development of the beer industry in the United States, from its beginnings in the Thirteen Colonies, through the industrialization of the industry\u00a0 nineteenth century and the introduction of the German-style lager, to the era of prohibition, the era of big-beer and big distributors in the Postwar period, until we finish with the present flowering of the craft-beer movement.<br \/><br \/>Included in the course is an order for two beers per session, which we deliver to all the Lower 48. For each class students may enjoy the beers, similar in style to that of the historical period in question.<br \/><br \/>For students from other countries or US states, while we regret that we cannot deliver beer to you, we nevertheless have suggestions for beers if you care to contact us.<\/p><p>\u00a0<\/p>\t\t\t\t\t\t\t\t<\/div>\n\t\t\t\t<\/div>\n\t\t\t\t<div class=\"elementor-element elementor-element-8ebfd7a elementor-widget elementor-widget-heading\" data-id=\"8ebfd7a\" data-element_type=\"widget\" data-e-type=\"widget\" data-widget_type=\"heading.default\">\n\t\t\t\t<div class=\"elementor-widget-container\">\n\t\t\t\t\t<h4 class=\"elementor-heading-title elementor-size-default\">Online Course in Spanish<\/h4>\t\t\t\t<\/div>\n\t\t\t\t<\/div>\n\t\t\t\t<div class=\"elementor-element elementor-element-1f60690 elementor-widget elementor-widget-image\" data-id=\"1f60690\" data-element_type=\"widget\" data-e-type=\"widget\" data-settings=\"{&quot;_animation_mobile&quot;:&quot;fadeInDown&quot;}\" data-widget_type=\"image.default\">\n\t\t\t\t<div class=\"elementor-widget-container\">\n\t\t\t\t\t\t\t\t\t\t\t\t\t\t\t<img decoding=\"async\" width=\"1024\" height=\"948\" src=\"https:\/\/letslearn.beer\/wp-content\/uploads\/2022\/06\/phone-import-nov-21-262-another-copy-1024x948.jpg\" class=\"attachment-large size-large wp-image-255\" alt=\"\" srcset=\"https:\/\/letslearn.beer\/wp-content\/uploads\/2022\/06\/phone-import-nov-21-262-another-copy-1024x948.jpg 1024w, https:\/\/letslearn.beer\/wp-content\/uploads\/2022\/06\/phone-import-nov-21-262-another-copy-300x278.jpg 300w, https:\/\/letslearn.beer\/wp-content\/uploads\/2022\/06\/phone-import-nov-21-262-another-copy-768x711.jpg 768w, https:\/\/letslearn.beer\/wp-content\/uploads\/2022\/06\/phone-import-nov-21-262-another-copy-13x12.jpg 13w, https:\/\/letslearn.beer\/wp-content\/uploads\/2022\/06\/phone-import-nov-21-262-another-copy-600x556.jpg 600w, https:\/\/letslearn.beer\/wp-content\/uploads\/2022\/06\/phone-import-nov-21-262-another-copy-rotated.jpg 1417w\" sizes=\"(max-width: 1024px) 100vw, 1024px\" \/>\t\t\t\t\t\t\t\t\t\t\t\t\t\t\t<\/div>\n\t\t\t\t<\/div>\n\t\t\t\t<div class=\"elementor-element elementor-element-dff6022 elementor-widget elementor-widget-text-editor\" data-id=\"dff6022\" data-element_type=\"widget\" data-e-type=\"widget\" data-widget_type=\"text-editor.default\">\n\t\t\t\t<div class=\"elementor-widget-container\">\n\t\t\t\t\t\t\t\t\t<p>Cuatro sesiones de dos horas explican las ra\u00edces y el crecimiento de la industria de cerveza artesana en EEUU, y cuatro sesiones de una hora dan una historia de la cerveza en Espa\u00f1a, desde sus incepciones cuando se trataba de una bebida lujosa y en cierto modo extranjera, hasta la actualidad. No podemos ofrecer bebidas, pero los asistentes pueden traer sus propias.  Las descripciones de las sesiones tienen sugerencias de estilos para acompa\u00f1ar la informaci\u00f3n y cualquier tienda de cervezas te puede aconsejar.  La tienda m\u00e1s cercana a nosotros es\u00a0<a href=\"https:\/\/www.labirratorium.com\/\"><em>Labirratorium<\/em><\/a>\u00a0(<a href=\"https:\/\/letslearn.beer\/es\/courses\/?elementor-preview=103&amp;ver=1655203891#location-spanish-mobile\">locaci\u00f3n abajo<\/a>).<\/p>\t\t\t\t\t\t\t\t<\/div>\n\t\t\t\t<\/div>\n\t\t\t\t\t<\/div>\n\t\t<\/div>\n\t\t\t\t\t<\/div>\n\t\t<\/section>\n\t\t\t\t<\/div>","protected":false},"excerpt":{"rendered":"<p>Beers to You! Online Courses on the History of Beer Note: We are still getting this company up and running and are not quite ready to offer courses yet. Nevertheless, we hope to offer them very soon! You can read their description below. Beers to You! &#8211; Online Course in English Six 100-minute sessions explain&hellip;&nbsp;<a href=\"https:\/\/letslearn.beer\/es\/courses\/\" rel=\"bookmark\">Leer m\u00e1s &raquo;<span class=\"screen-reader-text\">Cursos<\/span><\/a><\/p>","protected":false},"author":1,"featured_media":0,"parent":0,"menu_order":0,"comment_status":"closed","ping_status":"closed","template":"page-templates\/template-pagebuilder-full-width.php","meta":{"neve_meta_sidebar":"","neve_meta_container":"","neve_meta_enable_content_width":"","neve_meta_content_width":0,"neve_meta_title_alignment":"","neve_meta_author_avatar":"","neve_post_elements_order":"","neve_meta_disable_header":"","neve_meta_disable_footer":"","neve_meta_disable_title":"on","footnotes":""},"class_list":["post-103","page","type-page","status-publish","hentry"],"_links":{"self":[{"href":"https:\/\/letslearn.beer\/es\/wp-json\/wp\/v2\/pages\/103","targetHints":{"allow":["GET"]}}],"collection":[{"href":"https:\/\/letslearn.beer\/es\/wp-json\/wp\/v2\/pages"}],"about":[{"href":"https:\/\/letslearn.beer\/es\/wp-json\/wp\/v2\/types\/page"}],"author":[{"embeddable":true,"href":"https:\/\/letslearn.beer\/es\/wp-json\/wp\/v2\/users\/1"}],"replies":[{"embeddable":true,"href":"https:\/\/letslearn.beer\/es\/wp-json\/wp\/v2\/comments?post=103"}],"version-history":[{"count":5,"href":"https:\/\/letslearn.beer\/es\/wp-json\/wp\/v2\/pages\/103\/revisions"}],"predecessor-version":[{"id":694,"href":"https:\/\/letslearn.beer\/es\/wp-json\/wp\/v2\/pages\/103\/revisions\/694"}],"wp:attachment":[{"href":"https:\/\/letslearn.beer\/es\/wp-json\/wp\/v2\/media?parent=103"}],"curies":[{"name":"wp","href":"https:\/\/api.w.org\/{rel}","templated":true}]}}